{"id":404,"date":"2013-06-24T14:05:39","date_gmt":"2013-06-24T14:05:39","guid":{"rendered":"http:\/\/www.cours-hatha-yoga.fr\/yoga\/?page_id=404"},"modified":"2013-07-17T08:21:41","modified_gmt":"2013-07-17T08:21:41","slug":"le-hatha-yoga","status":"publish","type":"page","link":"http:\/\/www.cours-hatha-yoga.fr\/yoga\/le-hatha-yoga\/","title":{"rendered":"Le Hatha Yoga"},"content":{"rendered":"<p>Hatha veut dire en sanscrit\u00a0: force, violence, effraction. En \u00e9tymologie \u00ab\u00a0jeux de mots\u00a0\u00bb, on l\u2019interpr\u00e8te aussi comme Ha repr\u00e9sentant le soleil + Tha repr\u00e9sentant la lune, donne Hatha-yoga signifie jonction du soleil et de la lune.<\/p>\n<p>Le Hatha Yoga est le yoga le plus commun\u00e9ment r\u00e9pandu en Occident. De Ha (=soleil) et Tha (=Lune), qui vise l\u2019\u00e9quilibre de l\u2019individu. Il insiste sur le travail corporel.<\/p>\n","protected":false},"excerpt":{"rendered":"<p>Hatha veut dire en sanscrit\u00a0: force, violence, effraction. En \u00e9tymologie \u00ab\u00a0jeux de mots\u00a0\u00bb, on l\u2019interpr\u00e8te aussi comme Ha repr\u00e9sentant le soleil + Tha repr\u00e9sentant la lune, donne Hatha-yoga signifie jonction du soleil et de la lune. Le Hatha Yoga est le yoga le plus commun\u00e9ment r\u00e9pandu en Occident. De Ha (=soleil) et Tha (=Lune), qui vise l\u2019\u00e9quilibre de l\u2019individu. Il <a class=\"more-link\" href=\"http:\/\/www.cours-hatha-yoga.fr\/yoga\/le-hatha-yoga\/\">Continuer la lecture <span class=\"screen-reader-text\">  Le Hatha Yoga<\/span><span class=\"meta-nav\">&rarr;<\/span><\/a><\/p>\n","protected":false},"author":1,"featured_media":0,"parent":0,"menu_order":0,"comment_status":"closed","ping_status":"closed","template":"","meta":{"footnotes":""},"class_list":["post-404","page","type-page","status-publish","hentry"],"_links":{"self":[{"href":"http:\/\/www.cours-hatha-yoga.fr\/yoga\/wp-json\/wp\/v2\/pages\/404","targetHints":{"allow":["GET"]}}],"collection":[{"href":"http:\/\/www.cours-hatha-yoga.fr\/yoga\/wp-json\/wp\/v2\/pages"}],"about":[{"href":"http:\/\/www.cours-hatha-yoga.fr\/yoga\/wp-json\/wp\/v2\/types\/page"}],"author":[{"embeddable":true,"href":"http:\/\/www.cours-hatha-yoga.fr\/yoga\/wp-json\/wp\/v2\/users\/1"}],"replies":[{"embeddable":true,"href":"http:\/\/www.cours-hatha-yoga.fr\/yoga\/wp-json\/wp\/v2\/comments?post=404"}],"version-history":[{"count":14,"href":"http:\/\/www.cours-hatha-yoga.fr\/yoga\/wp-json\/wp\/v2\/pages\/404\/revisions"}],"predecessor-version":[{"id":677,"href":"http:\/\/www.cours-hatha-yoga.fr\/yoga\/wp-json\/wp\/v2\/pages\/404\/revisions\/677"}],"wp:attachment":[{"href":"http:\/\/www.cours-hatha-yoga.fr\/yoga\/wp-json\/wp\/v2\/media?parent=404"}],"curies":[{"name":"wp","href":"https:\/\/api.w.org\/{rel}","templated":true}]}}