{"id":425,"date":"2013-06-25T08:49:53","date_gmt":"2013-06-25T08:49:53","guid":{"rendered":"http:\/\/www.cours-hatha-yoga.fr\/yoga\/?page_id=425"},"modified":"2013-07-17T15:42:04","modified_gmt":"2013-07-17T15:42:04","slug":"bibliographie","status":"publish","type":"page","link":"http:\/\/www.cours-hatha-yoga.fr\/yoga\/bibliographie\/","title":{"rendered":"Illustrations"},"content":{"rendered":"<p>Asanas \/ images \/ aper\u00e7us\/ exemples de postures \/<\/p>\n<p>yoga : un art&#8230; r\u00e9p\u00e9ter&#8230;am\u00e9liorer&#8230; voir&#8230;. \u00e9veiller le regard&#8230;<\/p>\n","protected":false},"excerpt":{"rendered":"<p>Asanas \/ images \/ aper\u00e7us\/ exemples de postures \/ yoga : un art&#8230; r\u00e9p\u00e9ter&#8230;am\u00e9liorer&#8230; voir&#8230;. \u00e9veiller le regard&#8230;<\/p>\n","protected":false},"author":1,"featured_media":0,"parent":0,"menu_order":0,"comment_status":"closed","ping_status":"closed","template":"","meta":{"footnotes":""},"class_list":["post-425","page","type-page","status-publish","hentry"],"_links":{"self":[{"href":"http:\/\/www.cours-hatha-yoga.fr\/yoga\/wp-json\/wp\/v2\/pages\/425","targetHints":{"allow":["GET"]}}],"collection":[{"href":"http:\/\/www.cours-hatha-yoga.fr\/yoga\/wp-json\/wp\/v2\/pages"}],"about":[{"href":"http:\/\/www.cours-hatha-yoga.fr\/yoga\/wp-json\/wp\/v2\/types\/page"}],"author":[{"embeddable":true,"href":"http:\/\/www.cours-hatha-yoga.fr\/yoga\/wp-json\/wp\/v2\/users\/1"}],"replies":[{"embeddable":true,"href":"http:\/\/www.cours-hatha-yoga.fr\/yoga\/wp-json\/wp\/v2\/comments?post=425"}],"version-history":[{"count":32,"href":"http:\/\/www.cours-hatha-yoga.fr\/yoga\/wp-json\/wp\/v2\/pages\/425\/revisions"}],"predecessor-version":[{"id":705,"href":"http:\/\/www.cours-hatha-yoga.fr\/yoga\/wp-json\/wp\/v2\/pages\/425\/revisions\/705"}],"wp:attachment":[{"href":"http:\/\/www.cours-hatha-yoga.fr\/yoga\/wp-json\/wp\/v2\/media?parent=425"}],"curies":[{"name":"wp","href":"https:\/\/api.w.org\/{rel}","templated":true}]}}