{"id":619,"date":"2013-07-12T14:01:16","date_gmt":"2013-07-12T14:01:16","guid":{"rendered":"http:\/\/www.cours-hatha-yoga.fr\/yoga\/?page_id=619"},"modified":"2013-09-23T09:07:45","modified_gmt":"2013-09-23T09:07:45","slug":"lenseignement","status":"publish","type":"page","link":"http:\/\/www.cours-hatha-yoga.fr\/yoga\/lenseignement\/","title":{"rendered":"L&rsquo;enseignement"},"content":{"rendered":"<p style=\"text-align: center;\">Le Yoga<br \/>\nune th\u00e9orie,<br \/>\nune pratique,<br \/>\nun v\u00e9cu<\/p>\n<p style=\"text-align: center;\"><span style=\"color: #808080;\"><em>Il est n\u00e9cessaire de pr\u00e9ciser que le mot \u00ab\u00a0yoga\u00a0\u00bb concerne un \u00e9tat. Lorsque l\u2019activit\u00e9 mentale se ralentit, l\u2019\u00e9tat de yoga s\u2019installe. Plus qu\u2019une technique, il s\u2019agit d\u2019une exp\u00e9rience. C\u2019est donc essentiellement par la pratique qu\u2019on peut comprendre ce qu\u2019est le yoga\u00a0: un \u00e9tat d\u2019unit\u00e9 et de pl\u00e9nitude.<\/em><\/span><\/p>\n<p style=\"text-align: center;\"><span style=\"color: #808080;\"><em>Pratique physique associ\u00e9e \u00e0 une recherche de sagesse, le yoga, apparu en Inde il y a plusieurs milliers d\u2019ann\u00e9es, est surtout connu en Occident sous la forme du \u00ab hatha yoga\u00a0\u00bb qui privil\u00e9gie les postures (asana) et les exercices respiratoires (pranayama).<\/em><\/span><\/p>\n<h1 style=\"text-align: left;\"><strong><span style=\"color: #000000;\">Le yoga<\/span><\/strong><\/h1>\n<p>Le yoga tend \u00e0 la pleine r\u00e9alisation de l\u2019\u00eatre humain, sur les plans physiques, affectifs et mental.<\/p>\n<p>Sa forme la plus diffus\u00e9e en Occident est le Hatha-Yoga, qui d\u00e9bute par l\u2019\u00e9ducation du corps\u00a0: travail musculaire et articulaire dans les postures. Il permet la conscientisation de la fonction respiratoire.<\/p>\n<p>Cette premi\u00e8re approche permet \u00e0 l\u2019individu de se renforcer par des exercices progressifs, et de se recentrer en d\u00e9couvrant un \u00e9tat de calme et d\u2019\u00e9quilibre et de surmonter ainsi certaines d\u00e9ficiences qui l\u2019emp\u00eachent de d\u00e9ployer ses dons naturels.<\/p>\n<p>Science humaine \u00e0 part enti\u00e8re, plus c\u00e9l\u00e8bre que connue, cette technique mill\u00e9naire propose un champ d\u2019exp\u00e9riences ouvert sur la connaissance de soi.<\/p>\n<p>A travers un ensemble de pratiques,<\/p>\n<ul>\n<li>POSTURES (asana) qui \u00e9tirent le corps et redonnent fluidit\u00e9 aux articulations,<\/li>\n<\/ul>\n<ul>\n<li> RELAXATION, permet la d\u00e9tente, la perception int\u00e9rieure,<\/li>\n<\/ul>\n<ul>\n<li> RESPIRATION (pranayama) apaise l\u2019esprit, apporte dynamisme et vitalit\u00e9. Elle ne s&rsquo;apprend pas, elle se lib\u00e8re. Am\u00e9liorer la qualit\u00e9 du souffle am\u00e8ne a l&rsquo;augmentation de la vitalit\u00e9 et \u00e0 l&rsquo;att\u00e9nuation des tensions physiques et psychiques.<\/li>\n<\/ul>\n<p>Cette discipline est une authentique recherche bas\u00e9e sur la prise de conscience de soi, de son corps et de sa respiration.<\/p>\n<p>Aucune d\u00e9finition ne remplacera la pratique, v\u00e9ritable exploration personnelle sur le tapis.<\/p>\n","protected":false},"excerpt":{"rendered":"<p>Le Yoga une th\u00e9orie, une pratique, un v\u00e9cu Il est n\u00e9cessaire de pr\u00e9ciser que le mot \u00ab\u00a0yoga\u00a0\u00bb concerne un \u00e9tat. Lorsque l\u2019activit\u00e9 mentale se ralentit, l\u2019\u00e9tat de yoga s\u2019installe. Plus qu\u2019une technique, il s\u2019agit d\u2019une exp\u00e9rience. C\u2019est donc essentiellement par la pratique qu\u2019on peut comprendre ce qu\u2019est le yoga\u00a0: un \u00e9tat d\u2019unit\u00e9 et de pl\u00e9nitude. Pratique physique associ\u00e9e \u00e0 une <a class=\"more-link\" href=\"http:\/\/www.cours-hatha-yoga.fr\/yoga\/lenseignement\/\">Continuer la lecture <span class=\"screen-reader-text\">  L&rsquo;enseignement<\/span><span class=\"meta-nav\">&rarr;<\/span><\/a><\/p>\n","protected":false},"author":1,"featured_media":0,"parent":0,"menu_order":0,"comment_status":"closed","ping_status":"closed","template":"","meta":{"footnotes":""},"class_list":["post-619","page","type-page","status-publish","hentry"],"_links":{"self":[{"href":"http:\/\/www.cours-hatha-yoga.fr\/yoga\/wp-json\/wp\/v2\/pages\/619","targetHints":{"allow":["GET"]}}],"collection":[{"href":"http:\/\/www.cours-hatha-yoga.fr\/yoga\/wp-json\/wp\/v2\/pages"}],"about":[{"href":"http:\/\/www.cours-hatha-yoga.fr\/yoga\/wp-json\/wp\/v2\/types\/page"}],"author":[{"embeddable":true,"href":"http:\/\/www.cours-hatha-yoga.fr\/yoga\/wp-json\/wp\/v2\/users\/1"}],"replies":[{"embeddable":true,"href":"http:\/\/www.cours-hatha-yoga.fr\/yoga\/wp-json\/wp\/v2\/comments?post=619"}],"version-history":[{"count":21,"href":"http:\/\/www.cours-hatha-yoga.fr\/yoga\/wp-json\/wp\/v2\/pages\/619\/revisions"}],"predecessor-version":[{"id":731,"href":"http:\/\/www.cours-hatha-yoga.fr\/yoga\/wp-json\/wp\/v2\/pages\/619\/revisions\/731"}],"wp:attachment":[{"href":"http:\/\/www.cours-hatha-yoga.fr\/yoga\/wp-json\/wp\/v2\/media?parent=619"}],"curies":[{"name":"wp","href":"https:\/\/api.w.org\/{rel}","templated":true}]}}